{"id":519,"date":"2021-05-11T13:16:10","date_gmt":"2021-05-11T11:16:10","guid":{"rendered":"https:\/\/arkat.cat\/legal\/"},"modified":"2021-05-20T23:29:14","modified_gmt":"2021-05-20T21:29:14","slug":"legal","status":"publish","type":"page","link":"https:\/\/arkat.cat\/ca\/legal\/","title":{"rendered":"Legal"},"content":{"rendered":"\n<style type=\"text\/css\" data-created_by=\"avia_inline_auto\" id=\"style-css-av-xnzy-9ec23fe6d02f55c873d8b7dcc5008e02\">\n.flex_column.av-xnzy-9ec23fe6d02f55c873d8b7dcc5008e02{\nborder-radius:0px 0px 0px 0px;\npadding:0px 0px 0px 0px;\n}\n<\/style>\n<div  class='flex_column av-xnzy-9ec23fe6d02f55c873d8b7dcc5008e02 av_one_full  avia-builder-el-0  avia-builder-el-no-sibling  first flex_column_div av-zero-column-padding  '     ><section  class='av_textblock_section av-ko33gz4a-e148e246e1dbc2d521b99954da396dd0 '   itemscope=\"itemscope\" itemtype=\"https:\/\/schema.org\/CreativeWork\" ><div class='avia_textblock'  itemprop=\"text\" ><div class=\"inner-banner parallax-2-dv dark-grey-2\">\n<div class=\"header\">\n<div class=\"container\">\n<div class=\"row\">\n<h1 class=\"col-lg-12\" style=\"text-align: center;\">Av\u00eds Legal i Pol\u00edtica de Privacitat<\/h1>\n<\/div>\n<\/div>\n<\/div>\n<\/div>\n<p class=\"big\">En cumplimiento de la L.S.S.I. (Ley de Servicios de la Sociedad de la Informaci\u00f3n), la L.O.P.D. (Ley Org\u00e1nica de Protecci\u00f3n de Datos) y el R.G.P.D. (Reglamento General de Protecci\u00f3n de Datos) se informa:<\/p>\n<h4>TITULARIDAD, CONDICIONES GENERALES DE USO Y POL\u00cdTICA DE PROTECCI\u00d3N DE DATOS:<\/h4>\n<p>En compliment de la L.S.S.I. (Llei de Serveis de la Societat de la Informaci\u00f3), la L.O.P.D. (Llei Org\u00e0nica de Protecci\u00f3 de Dades) i el R.G.P.D. (Reglament General de Protecci\u00f3 de Dades) s&#8217;informa:<\/p>\n<p>TITULARITAT, CONDICIONS GENERALS D&#8217;\u00daS I POL\u00cdTICA DE PROTECCI\u00d3 DE DADES:<\/p>\n<p>1.- TITULARITAT<\/p>\n<p>Aquest lloc web, els dominis associats, els continguts i altres drets de propietat intel\u00b7lectual i industrial s\u00f3n propietat de ARKAT 08500 VIC, Osona, BARCELONA.<\/p>\n<p>E-mail: info@arkat.cat Tel: 938.887.868<\/p>\n<p>2.- OBJECTE<\/p>\n<p>Aquest lloc web t\u00e9 com a finalitat principal informar dels serveis oferts per ARKAT i divulgar aquesta informaci\u00f3 a trav\u00e9s de mitjans electr\u00f2nics.<\/p>\n<p>3.- DRETS D&#8217;\u00daS I COPYRIGHT<\/p>\n<p>Es permet als visitants utilitzar, visualitzar i imprimir els continguts inclosos en aquest lloc web exclusivament per al seu \u00fas personal, privat i no lucratiu.<\/p>\n<p>Es prohibeix terminantment la reproducci\u00f3 total o parcial dels continguts d&#8217;aquest lloc web, a excepci\u00f3 de posseir pr\u00e8viament, per escrit, autoritzaci\u00f3 i consentiment expr\u00e9s de titular de la mateixa i incloent refer\u00e8ncia expl\u00edcita a la titularitat dels drets de propietat intel\u00b7lectual i \/ o industrial.<\/p>\n<p>L&#8217;\u00fas dels continguts per a fins diferents dels aqu\u00ed permesos \u00e9s una violaci\u00f3 dels drets d&#8217;autor, delicte pel qual es durien a terme totes les accions legals i \/ o penals oportuns.<\/p>\n<p>4.- RESPONSABILITAT<\/p>\n<p>L&#8217;usuari es compromet a fer un \u00fas correcte d&#8217;aquest lloc web, dels seus continguts i altres serveis accessibles des del mateix i ser\u00e0 l&#8217;\u00fanic responsable en cas d&#8217;incomplir les presents condicions.<\/p>\n<p>El titular declina qualsevol responsabilitat pels eventuals danys i perjudicis que puguin ocasionar-se per: mal \u00fas i ab\u00fas dels seus continguts.<\/p>\n<p>El titular declina qualsevol responsabilitat pels serveis i \/ o informaci\u00f3 que es prestin en llocs web enlla\u00e7ats.<\/p>\n<p>El titular no assumir\u00e0 cap responsabilitat per l&#8217;\u00fas de tercers dels continguts d&#8217;aquest lloc web.<\/p>\n<p>El titular no pot garantir l&#8217;exactitud de la informaci\u00f3 proporcionada en aquest lloc web, tot i que, excepte errors tipogr\u00e0fics o d&#8217;una altra naturalesa, el titular es compromet a publicar la informaci\u00f3 de la manera m\u00e9s vera\u00e7 possible. En cas de detectar algun error en els continguts comuniqui-ho i es solucionar\u00e0 al m\u00e9s aviat possible.<\/p>\n<p>5.- PRIVACITAT I PROTECCI\u00d3 DE DADES<\/p>\n<p>Ens preocupem per la seva privacitat i la protecci\u00f3 rigorosa de les seves dades personals. A continuaci\u00f3, pot informar-se sobre com protegim seves dades.<\/p>\n<p>Aquest lloc web inclou un e-mail de contacte, a l&#8217;escriure&#8217;ns l&#8217;usuari ens proporcionar\u00e0 la seva adre\u00e7a de correu electr\u00f2nic o tel\u00e8fon, utilitzarem aquesta informaci\u00f3 amb l&#8217;\u00fanic prop\u00f2sit de poder respondre adequadament a les peticions d&#8217;informaci\u00f3 per part de l&#8217;usuari.<\/p>\n<p>En cas de no sol\u00b7licitar l&#8217;usuari cap servei, les seves dades i missatges podran ser eliminats un cop finalitzades les comunicacions amb el mateix.<\/p>\n<p>En cas de sol\u00b7licitar algun dels serveis, les dades de car\u00e0cter personal recollides seran objecte de tractament automatitzat i s&#8217;incorporaran a un fitxer privat i codificat amb les condicions establertes en la pol\u00edtica de privacitat que, si s&#8217;escau pot ser personalitzada i el responsable \u00e9s el titular d&#8217;aquest lloc web.<\/p>\n<p>Aquests fitxers han de complir i excedir els par\u00e0metres exigits en l&#8217;Ag\u00e8ncia de Protecci\u00f3 de Dades. S&#8217;adoptaran les mesures necess\u00e0ries per evitar la seva alteraci\u00f3, p\u00e8rdua, tractament o acc\u00e9s no autoritzats.<\/p>\n<p>En tot cas, l&#8217;usuari tindr\u00e0 dret a sol\u00b7licitar i obtenir informaci\u00f3 sobre les seves dades de car\u00e0cter personal i exercir els seus drets d&#8217;acc\u00e9s, rectificaci\u00f3, portabilitat, cancel\u00b7laci\u00f3 i limitaci\u00f3 o oposici\u00f3 a l&#8217;tractament, dirigint-se per escrit a titular d&#8217;aquest lloc web o per una comunicaci\u00f3 que acrediti la seva identitat sense cap dubte.<\/p>\n<p>En tot moment l&#8217;usuari podr\u00e0 exercir el seu dret a interrompre o cancel\u00b7lar les comunicacions, expressant la seva voluntat, utilitzant per a aix\u00f2 la mateixa via de comunicaci\u00f3 utilitzada per establir contacte.<\/p>\n<p>Si vost\u00e8 \u00e9s menor de 16 anys, requerirem el consentiment dels seus pares o tutors per al tractament de les seves dades personals, ha de obtenir-lo abans de remetre&#8217;ns cap comunicaci\u00f3.<\/p>\n<p>L&#8217;usuari ha d&#8217;obrar correctament, responent dels danys i perjudicis que es puguin ocasionar en cas de proporcionar informaci\u00f3 personal falsa o dades incorrectes.<\/p>\n<p>El titular i l&#8217;usuari es comprometen a complir amb l&#8217;obligaci\u00f3 de el secret de les comunicacions mantingudes segons la legislaci\u00f3 vigent.<\/p>\n<p>El titular no s&#8217;encarregar\u00e0 la gesti\u00f3 de dades a tercers. Les dades proporcionades per l&#8217;usuari mai seran cedits, venuts ni transmesos a tercers aliens a l&#8217;activitat de l&#8217;empresa, llevat per obligaci\u00f3 legal. \u00danicament s&#8217;utilitzaran per al seu propi fi, les comunicacions amb l&#8217;usuari, el qual pot sol\u00b7licitar no rebre cap tipus de comunicaci\u00f3 via email i utilitzar nom\u00e9s la comunicaci\u00f3 telef\u00f2nica per contactar amb ARKAT.<\/p>\n<p>6.- COOKIES<\/p>\n<p>S&#8217;informa a l&#8217;usuari que quan navega per les diferents p\u00e0gines d&#8217;aquest lloc web s&#8217;utilitzen galetes, que tenen com a objecte oferir un servei personalitzat, a m\u00e9s de facilitar informaci\u00f3 sobre la data o hora de la visita, mesurar alguns par\u00e0metres de tr\u00e0nsit dins el propi lloc web i estimar el nombre de visites rebudes. S&#8217;informa l&#8217;usuari que pot desactivar l&#8217;\u00fas de cookies des del seu navegador. Per a m\u00e9s informaci\u00f3 consulti la nostra &#8220;POL\u00cdTICA DE COOKIES&#8221;.<\/p>\n<p>7.- MODIFICACIONS I VIG\u00c8NCIA<\/p>\n<p>El titular es reserva el dret d&#8217;efectuar qualsevol canvi o modificaci\u00f3, tant en les presents condicions com en el contingut d&#8217;aquest lloc web, sense previ av\u00eds i conforme a l&#8217;estipulat.<\/p>\n<p>Les presents condicions romandran vigents des de la seva publicaci\u00f3 fins a la publicaci\u00f3 d&#8217;una revisi\u00f3 de les mateixes.<\/p>\n<p>Data de l&#8217;\u00faltima revisi\u00f3: 29 d&#8217;abril de 2021<\/p>\n<p>Per a qualsevol pregunta o aclariment no dubti en contactar-nos.<\/p>\n<\/div><\/section><\/div>\n","protected":false},"excerpt":{"rendered":"","protected":false},"author":1,"featured_media":0,"parent":0,"menu_order":0,"comment_status":"closed","ping_status":"closed","template":"","meta":{"footnotes":"","_joinchat":[]},"yoast_head":"<title>Legal | ARKAT<\/title>\n<meta name=\"robots\" content=\"noindex, nofollow\" \/>\n<meta property=\"og:locale\" content=\"ca_ES\" \/>\n<meta property=\"og:type\" content=\"article\" \/>\n<meta property=\"og:title\" content=\"Legal | ARKAT\" \/>\n<meta property=\"og:url\" content=\"https:\/\/arkat.cat\/ca\/legal\/\" \/>\n<meta property=\"og:site_name\" content=\"ARKAT\" \/>\n<meta property=\"article:modified_time\" content=\"2021-05-20T21:29:14+00:00\" \/>\n<meta name=\"twitter:card\" content=\"summary_large_image\" \/>\n<meta name=\"twitter:label1\" content=\"Temps estimat de lectura\" \/>\n\t<meta name=\"twitter:data1\" content=\"6 minuts\" \/>\n<script type=\"application\/ld+json\" class=\"yoast-schema-graph\">{\"@context\":\"https:\/\/schema.org\",\"@graph\":[{\"@type\":\"WebPage\",\"@id\":\"https:\/\/arkat.cat\/ca\/legal\/\",\"url\":\"https:\/\/arkat.cat\/ca\/legal\/\",\"name\":\"Legal | ARKAT\",\"isPartOf\":{\"@id\":\"https:\/\/arkat.cat\/#website\"},\"datePublished\":\"2021-05-11T11:16:10+00:00\",\"dateModified\":\"2021-05-20T21:29:14+00:00\",\"breadcrumb\":{\"@id\":\"https:\/\/arkat.cat\/ca\/legal\/#breadcrumb\"},\"inLanguage\":\"ca\",\"potentialAction\":[{\"@type\":\"ReadAction\",\"target\":[\"https:\/\/arkat.cat\/ca\/legal\/\"]}]},{\"@type\":\"BreadcrumbList\",\"@id\":\"https:\/\/arkat.cat\/ca\/legal\/#breadcrumb\",\"itemListElement\":[{\"@type\":\"ListItem\",\"position\":1,\"name\":\"Portada\",\"item\":\"https:\/\/arkat.cat\/ca\/\"},{\"@type\":\"ListItem\",\"position\":2,\"name\":\"Legal\"}]},{\"@type\":\"WebSite\",\"@id\":\"https:\/\/arkat.cat\/#website\",\"url\":\"https:\/\/arkat.cat\/\",\"name\":\"ARKAT\",\"description\":\"Servicio Technico Profesional en Osona\",\"publisher\":{\"@id\":\"https:\/\/arkat.cat\/#organization\"},\"potentialAction\":[{\"@type\":\"SearchAction\",\"target\":{\"@type\":\"EntryPoint\",\"urlTemplate\":\"https:\/\/arkat.cat\/?s={search_term_string}\"},\"query-input\":\"required name=search_term_string\"}],\"inLanguage\":\"ca\"},{\"@type\":\"Organization\",\"@id\":\"https:\/\/arkat.cat\/#organization\",\"name\":\"ARKAT\",\"url\":\"https:\/\/arkat.cat\/\",\"logo\":{\"@type\":\"ImageObject\",\"inLanguage\":\"ca\",\"@id\":\"https:\/\/arkat.cat\/#\/schema\/logo\/image\/\",\"url\":\"https:\/\/arkat.cat\/wp-content\/uploads\/2021\/04\/logo-beta.png\",\"contentUrl\":\"https:\/\/arkat.cat\/wp-content\/uploads\/2021\/04\/logo-beta.png\",\"width\":800,\"height\":600,\"caption\":\"ARKAT\"},\"image\":{\"@id\":\"https:\/\/arkat.cat\/#\/schema\/logo\/image\/\"}}]}<\/script>","yoast_head_json":{"title":"Legal | ARKAT","robots":{"index":"noindex","follow":"nofollow"},"og_locale":"ca_ES","og_type":"article","og_title":"Legal | ARKAT","og_url":"https:\/\/arkat.cat\/ca\/legal\/","og_site_name":"ARKAT","article_modified_time":"2021-05-20T21:29:14+00:00","twitter_card":"summary_large_image","twitter_misc":{"Temps estimat de lectura":"6 minuts"},"schema":{"@context":"https:\/\/schema.org","@graph":[{"@type":"WebPage","@id":"https:\/\/arkat.cat\/ca\/legal\/","url":"https:\/\/arkat.cat\/ca\/legal\/","name":"Legal | ARKAT","isPartOf":{"@id":"https:\/\/arkat.cat\/#website"},"datePublished":"2021-05-11T11:16:10+00:00","dateModified":"2021-05-20T21:29:14+00:00","breadcrumb":{"@id":"https:\/\/arkat.cat\/ca\/legal\/#breadcrumb"},"inLanguage":"ca","potentialAction":[{"@type":"ReadAction","target":["https:\/\/arkat.cat\/ca\/legal\/"]}]},{"@type":"BreadcrumbList","@id":"https:\/\/arkat.cat\/ca\/legal\/#breadcrumb","itemListElement":[{"@type":"ListItem","position":1,"name":"Portada","item":"https:\/\/arkat.cat\/ca\/"},{"@type":"ListItem","position":2,"name":"Legal"}]},{"@type":"WebSite","@id":"https:\/\/arkat.cat\/#website","url":"https:\/\/arkat.cat\/","name":"ARKAT","description":"Servicio Technico Profesional en Osona","publisher":{"@id":"https:\/\/arkat.cat\/#organization"},"potentialAction":[{"@type":"SearchAction","target":{"@type":"EntryPoint","urlTemplate":"https:\/\/arkat.cat\/?s={search_term_string}"},"query-input":"required name=search_term_string"}],"inLanguage":"ca"},{"@type":"Organization","@id":"https:\/\/arkat.cat\/#organization","name":"ARKAT","url":"https:\/\/arkat.cat\/","logo":{"@type":"ImageObject","inLanguage":"ca","@id":"https:\/\/arkat.cat\/#\/schema\/logo\/image\/","url":"https:\/\/arkat.cat\/wp-content\/uploads\/2021\/04\/logo-beta.png","contentUrl":"https:\/\/arkat.cat\/wp-content\/uploads\/2021\/04\/logo-beta.png","width":800,"height":600,"caption":"ARKAT"},"image":{"@id":"https:\/\/arkat.cat\/#\/schema\/logo\/image\/"}}]}},"_links":{"self":[{"href":"https:\/\/arkat.cat\/ca\/wp-json\/wp\/v2\/pages\/519"}],"collection":[{"href":"https:\/\/arkat.cat\/ca\/wp-json\/wp\/v2\/pages"}],"about":[{"href":"https:\/\/arkat.cat\/ca\/wp-json\/wp\/v2\/types\/page"}],"author":[{"embeddable":true,"href":"https:\/\/arkat.cat\/ca\/wp-json\/wp\/v2\/users\/1"}],"replies":[{"embeddable":true,"href":"https:\/\/arkat.cat\/ca\/wp-json\/wp\/v2\/comments?post=519"}],"version-history":[{"count":3,"href":"https:\/\/arkat.cat\/ca\/wp-json\/wp\/v2\/pages\/519\/revisions"}],"predecessor-version":[{"id":888,"href":"https:\/\/arkat.cat\/ca\/wp-json\/wp\/v2\/pages\/519\/revisions\/888"}],"wp:attachment":[{"href":"https:\/\/arkat.cat\/ca\/wp-json\/wp\/v2\/media?parent=519"}],"curies":[{"name":"wp","href":"https:\/\/api.w.org\/{rel}","templated":true}]}}