{"id":522,"date":"2021-05-11T13:18:24","date_gmt":"2021-05-11T11:18:24","guid":{"rendered":"https:\/\/arkat.cat\/privacitat\/"},"modified":"2021-05-20T23:28:51","modified_gmt":"2021-05-20T21:28:51","slug":"privacitat","status":"publish","type":"page","link":"https:\/\/arkat.cat\/ca\/privacitat\/","title":{"rendered":"Privacitat"},"content":{"rendered":"\n<style type=\"text\/css\" data-created_by=\"avia_inline_auto\" id=\"style-css-av-1fhyx-869ac8233f0197cc88c81fc04e2f4ab5\">\n.flex_column.av-1fhyx-869ac8233f0197cc88c81fc04e2f4ab5{\nborder-radius:0px 0px 0px 0px;\npadding:0px 0px 0px 0px;\n}\n<\/style>\n<div  class='flex_column av-1fhyx-869ac8233f0197cc88c81fc04e2f4ab5 av_one_full  avia-builder-el-0  el_before_av_one_full  avia-builder-el-first  first flex_column_div av-zero-column-padding  '     ><section  class='av_textblock_section av-ko33b7bs-d9fc1269b863c0a7a759dadabfaab45c '   itemscope=\"itemscope\" itemtype=\"https:\/\/schema.org\/CreativeWork\" ><div class='avia_textblock'  itemprop=\"text\" ><div class=\"wpb_column vc_column_container vc_col-sm-12\">\n<div class=\"vc_column-inner\">\n<div class=\"wpb_wrapper\">\n<div class=\"wpb_text_column wpb_content_element \">\n<div class=\"wpb_wrapper\">\n<div class=\"inner-banner parallax-2-dv dark-grey-2\">\n<div class=\"header\">\n<div class=\"container\">\n<div class=\"row\">\n<div class=\"col-lg-12\">\n<h1 style=\"text-align: center;\">Pol\u00edtica de Cookies<\/h1>\n<\/div>\n<\/div>\n<\/div>\n<\/div>\n<\/div>\n<h3>Qu\u00e9 son las cookies<\/h3>\n<p>Una <em>cookie<\/em> es un peque\u00f1o fichero de texto que se almacena en su navegador cuando visita una p\u00e1gina web. Sirve para que la web sea capaz de recordar su visita cuando vuelva a navegar por esa p\u00e1gina. Las <em>cookies<\/em> suelen almacenar informaci\u00f3n de car\u00e1cter t\u00e9cnico, preferencias personales, personalizaci\u00f3n de contenidos, estad\u00edsticas de uso, enlaces a redes sociales, acceso a cuentas de usuario, etc. El objetivo de la <em>cookie<\/em> es adaptar el contenido de la web a su perfil y necesidades, sin <em>cookies<\/em> los servicios ofrecidos por cualquier p\u00e1gina se ver\u00edan mermados notablemente. Si desea consultar m\u00e1s informaci\u00f3n sobre qu\u00e9 son las <em>cookies<\/em> le recomendamos visitar <a href=\"https:\/\/es.wikipedia.org\/wiki\/Cookie_(inform%C3%A1tica)\" target=\"_blank\" rel=\"nofollow noopener noreferrer\">este enlace de la Wikipedia<\/a>.<\/p>\n<h3>Cookies utilizadas en este sitio web<\/h3>\n<p>Siguiendo las directrices de la Agencia Espa\u00f1ola de Protecci\u00f3n de Datos procedemos a detallar el uso de <em>cookies<\/em> que hace esta web con el fin de informarle con la m\u00e1xima exactitud posible.<\/p>\n<p>Este sitio web utiliza las siguientes <strong>cookies propias<\/strong>:<\/p>\n<ul>\n<li><em>Cookies<\/em> t\u00e9cnicas, de uso interno para sesiones de usuario que dan acceso a las \u00e1reas privadas de nuestro sistema de gesti\u00f3n de contenidos.<\/li>\n<li><em>Cookies<\/em> de personalizaci\u00f3n, para recordar la decisi\u00f3n de cerrar nuestro aviso de <em>cookies<\/em>.<\/li>\n<\/ul>\n<p>Este sitio web utiliza las siguientes <strong>cookies de terceros<\/strong>:<\/p>\n<ul>\n<li>Google Analytics: Estas <em>cookies<\/em> recopilan <strong>datos an\u00f3nimos<\/strong> sobre la navegaci\u00f3n de los usuarios por la web, con la finalidad de conocer el origen de las visitas, el n\u00famero de veces que han visitado la web, las palabras claves utilizadas, y otros datos estad\u00edsticos. Al utilizar este sitio web usted consiente el tratamiento de esta informaci\u00f3n por Google. Si desea informaci\u00f3n sobre el uso que Google da a las <em>cookies<\/em> le recomendamos visitar <a href=\"https:\/\/developers.google.com\/analytics\/devguides\/collection\/analyticsjs\/cookie-usage?hl=es&amp;csw=1\" target=\"_blank\" rel=\"nofollow noopener noreferrer\">este enlace de Google<\/a>.<\/li>\n<li>Redes sociales: Cada red social utiliza sus propias <em>cookies<\/em> para que usted pueda pinchar en botones del tipo <em>Me gusta<\/em> o <em>Compartir<\/em>. En caso de necesitar m\u00e1s informaci\u00f3n sobre el uso que las redes sociales dan a sus <em>cookies<\/em>, rogamos se dirijan a los sitios webs correspondientes a cada red social.<\/li>\n<\/ul>\n<h3>Desactivaci\u00f3n o eliminaci\u00f3n de cookies<\/h3>\n<p>En cualquier momento usted puede desactivar o eliminar las <em>cookies<\/em> almacenadas en su navegador. Estas acciones se realizan de forma diferente en funci\u00f3n del navegador que est\u00e9 utilizando. A continuaci\u00f3n ponemos a su disposici\u00f3n enlaces con la informaci\u00f3n necesaria para desactivar las <em>cookies<\/em> de los navegadores m\u00e1s populares:<\/p>\n<table>\n<tbody>\n<tr>\n<td width=\"180\"><strong>Internet Explorer<\/strong><\/td>\n<td width=\"300\"><a href=\"http:\/\/windows.microsoft.com\/es-es\/windows-vista\/block-or-allow-cookies\" target=\"_blank\" rel=\"nofollow noopener noreferrer\">M\u00e1s informaci\u00f3n Internet Explorer<\/a><\/td>\n<\/tr>\n<tr>\n<td width=\"180\"><strong>Firefox<\/strong><\/td>\n<td width=\"300\"><a href=\"http:\/\/support.mozilla.org\/es\/kb\/habilitar-y-deshabilitar-cookies-que-los-sitios-we\" target=\"_blank\" rel=\"nofollow noopener noreferrer\">M\u00e1s Informaci\u00f3n Firefox<\/a><\/td>\n<\/tr>\n<tr>\n<td width=\"180\"><strong>Chrome<\/strong><\/td>\n<td width=\"300\"><a href=\"https:\/\/support.google.com\/chrome\/answer\/95647?hl=es\" target=\"_blank\" rel=\"nofollow noopener noreferrer\">M\u00e1s informaci\u00f3n Chrome<\/a><\/td>\n<\/tr>\n<tr>\n<td width=\"180\"><strong>Opera<\/strong><\/td>\n<td width=\"300\"><a href=\"http:\/\/help.opera.com\/Linux\/10.60\/es-ES\/cookies.html\" target=\"_blank\" rel=\"nofollow noopener noreferrer\">M\u00e1s informaci\u00f3n Opera<\/a><\/td>\n<\/tr>\n<tr>\n<td width=\"180\"><strong>Safari<\/strong><\/td>\n<td width=\"300\"><a href=\"http:\/\/support.apple.com\/kb\/ph5042\" target=\"_blank\" rel=\"nofollow noopener noreferrer\">M\u00e1s informaci\u00f3n Safari<\/a><\/td>\n<\/tr>\n<\/tbody>\n<\/table>\n<h3>Notas adicionales<\/h3>\n<ul>\n<li>Los navegadores web son las herramientas encargadas de almacenar las <em>cookies<\/em> y desde ellos debe efectuar la tarea de eliminaci\u00f3n o desactivaci\u00f3n de las mismas. Ni esta web ni sus representantes legales pueden garantizar la correcta o incorrecta manipulaci\u00f3n de las <em>cookies<\/em> por parte de los mencionados navegadores.<\/li>\n<li>En algunos casos es necesario instalar <em>cookies<\/em> para que el navegador no olvide su decisi\u00f3n de no aceptaci\u00f3n de las mismas.<\/li>\n<li>Para cualquier duda o consulta acerca de esta pol\u00edtica de <em>cookies<\/em>, no dude en comunicarse con nosotros a trav\u00e9s de la secci\u00f3n de contacto.<\/li>\n<li>Si desea m\u00e1s informaci\u00f3n acerca de nuestros t\u00e9rminos y condiciones le recomendamos leer nuestro Aviso Legal y Pol\u00edtica de Privacidad.<\/li>\n<\/ul>\n<\/div>\n<\/div>\n<\/div>\n<\/div>\n<\/div>\n<\/div><\/section><\/div>\n<style type=\"text\/css\" data-created_by=\"avia_inline_auto\" id=\"style-css-av-10ms9-6162999a2ad8b03f2f7077d2a35c7e40\">\n.flex_column.av-10ms9-6162999a2ad8b03f2f7077d2a35c7e40{\nborder-radius:0px 0px 0px 0px;\npadding:0px 0px 0px 0px;\n}\n<\/style>\n<div  class='flex_column av-10ms9-6162999a2ad8b03f2f7077d2a35c7e40 av_one_full  avia-builder-el-2  el_after_av_one_full  avia-builder-el-last  first flex_column_div av-zero-column-padding  column-top-margin'     ><section  class='av_textblock_section av-ko33bou2-3588cb5cbd2740be5a23c10f2853fbf3 '   itemscope=\"itemscope\" itemtype=\"https:\/\/schema.org\/CreativeWork\" ><div class='avia_textblock'  itemprop=\"text\" ><div class=\"av-switch-aviaPrivacyRefuseCookiesHideBar av-toggle-switch av-cookie-disable-external-toggle av-cookie-save-checked av-cookie-default-checked\"><label><input type=\"checkbox\" checked=\"checked\" id=\"aviaPrivacyRefuseCookiesHideBar\" class=\"aviaPrivacyRefuseCookiesHideBar \" name=\"aviaPrivacyRefuseCookiesHideBar\" ><span class=\"toggle-track\"><\/span><span class=\"toggle-label-content\">Check to enable permanent hiding of message bar and refuse all cookies if you do not opt in. We need 2 cookies to store this setting. Otherwise you will be prompted again when opening a new browser window or new a tab.<\/span><\/label><\/div>\n<p><div class=\"av-switch-aviaPrivacyEssentialCookiesEnabled av-toggle-switch av-cookie-disable-external-toggle av-cookie-save-checked av-cookie-default-checked\"><label><input type=\"checkbox\" checked=\"checked\" id=\"aviaPrivacyEssentialCookiesEnabled\" class=\"aviaPrivacyEssentialCookiesEnabled \" name=\"aviaPrivacyEssentialCookiesEnabled\" ><span class=\"toggle-track\"><\/span><span class=\"toggle-label-content\">Click to enable\/disable essential site cookies.<\/span><\/label><\/div><br \/>\n<div data-disabled_by_browser=\"Please enable this feature in your browser settings and reload the page.\" class=\"av-switch-aviaPrivacyGoogleTrackingDisabled av-toggle-switch av-cookie-disable-external-toggle av-cookie-save-unchecked av-cookie-default-unchecked\"><label><input type=\"checkbox\"  id=\"aviaPrivacyGoogleTrackingDisabled\" class=\"aviaPrivacyGoogleTrackingDisabled \" name=\"aviaPrivacyGoogleTrackingDisabled\" ><span class=\"toggle-track\"><\/span><span class=\"toggle-label-content\">Click to enable\/disable Google Analytics tracking.<\/span><\/label><\/div><br \/>\n<div class=\"av-switch-aviaPrivacyGoogleWebfontsDisabled av-toggle-switch av-cookie-disable-external-toggle av-cookie-save-unchecked av-cookie-default-unchecked\"><label><input type=\"checkbox\"  id=\"aviaPrivacyGoogleWebfontsDisabled\" class=\"aviaPrivacyGoogleWebfontsDisabled \" name=\"aviaPrivacyGoogleWebfontsDisabled\" ><span class=\"toggle-track\"><\/span><span class=\"toggle-label-content\">Click to enable\/disable Google Webfonts.<\/span><\/label><\/div><br \/>\n<div class=\"av-switch-aviaPrivacyGoogleReCaptchaDisabled av-toggle-switch av-cookie-disable-external-toggle av-cookie-save-unchecked av-cookie-default-unchecked\"><label><input type=\"checkbox\"  id=\"aviaPrivacyGoogleReCaptchaDisabled\" class=\"aviaPrivacyGoogleReCaptchaDisabled \" name=\"aviaPrivacyGoogleReCaptchaDisabled\" ><span class=\"toggle-track\"><\/span><span class=\"toggle-label-content\">Click to enable\/disable Google reCaptcha.<\/span><\/label><\/div><br \/>\n<div class=\"av-switch-aviaPrivacyGoogleMapsDisabled av-toggle-switch av-cookie-disable-external-toggle av-cookie-save-unchecked av-cookie-default-unchecked\"><label><input type=\"checkbox\"  id=\"aviaPrivacyGoogleMapsDisabled\" class=\"aviaPrivacyGoogleMapsDisabled \" name=\"aviaPrivacyGoogleMapsDisabled\" ><span class=\"toggle-track\"><\/span><span class=\"toggle-label-content\">Click to enable\/disable Google Maps.<\/span><\/label><\/div><\/p>\n<div class=\"av-switch-aviaPrivacyVideoEmbedsDisabled av-toggle-switch av-cookie-disable-external-toggle av-cookie-save-unchecked av-cookie-default-unchecked\"><label><input type=\"checkbox\"  id=\"aviaPrivacyVideoEmbedsDisabled\" class=\"aviaPrivacyVideoEmbedsDisabled \" name=\"aviaPrivacyVideoEmbedsDisabled\" ><span class=\"toggle-track\"><\/span><span class=\"toggle-label-content\">Click to enable\/disable video embeds.<\/span><\/label><\/div>\n<\/div><\/section><\/div><\/p>\n","protected":false},"excerpt":{"rendered":"","protected":false},"author":1,"featured_media":0,"parent":0,"menu_order":0,"comment_status":"closed","ping_status":"closed","template":"","meta":{"footnotes":"","_joinchat":[]},"yoast_head":"<title>Privacitat | ARKAT<\/title>\n<meta name=\"robots\" content=\"noindex, nofollow\" \/>\n<meta property=\"og:locale\" content=\"ca_ES\" \/>\n<meta property=\"og:type\" content=\"article\" \/>\n<meta property=\"og:title\" content=\"Privacitat | ARKAT\" \/>\n<meta property=\"og:url\" content=\"https:\/\/arkat.cat\/ca\/privacitat\/\" \/>\n<meta property=\"og:site_name\" content=\"ARKAT\" \/>\n<meta property=\"article:modified_time\" content=\"2021-05-20T21:28:51+00:00\" \/>\n<meta name=\"twitter:card\" content=\"summary_large_image\" \/>\n<meta name=\"twitter:label1\" content=\"Temps estimat de lectura\" \/>\n\t<meta name=\"twitter:data1\" content=\"5 minuts\" \/>\n<script type=\"application\/ld+json\" class=\"yoast-schema-graph\">{\"@context\":\"https:\/\/schema.org\",\"@graph\":[{\"@type\":\"WebPage\",\"@id\":\"https:\/\/arkat.cat\/ca\/privacitat\/\",\"url\":\"https:\/\/arkat.cat\/ca\/privacitat\/\",\"name\":\"Privacitat | ARKAT\",\"isPartOf\":{\"@id\":\"https:\/\/arkat.cat\/#website\"},\"datePublished\":\"2021-05-11T11:18:24+00:00\",\"dateModified\":\"2021-05-20T21:28:51+00:00\",\"breadcrumb\":{\"@id\":\"https:\/\/arkat.cat\/ca\/privacitat\/#breadcrumb\"},\"inLanguage\":\"ca\",\"potentialAction\":[{\"@type\":\"ReadAction\",\"target\":[\"https:\/\/arkat.cat\/ca\/privacitat\/\"]}]},{\"@type\":\"BreadcrumbList\",\"@id\":\"https:\/\/arkat.cat\/ca\/privacitat\/#breadcrumb\",\"itemListElement\":[{\"@type\":\"ListItem\",\"position\":1,\"name\":\"Portada\",\"item\":\"https:\/\/arkat.cat\/ca\/\"},{\"@type\":\"ListItem\",\"position\":2,\"name\":\"Privacitat\"}]},{\"@type\":\"WebSite\",\"@id\":\"https:\/\/arkat.cat\/#website\",\"url\":\"https:\/\/arkat.cat\/\",\"name\":\"ARKAT\",\"description\":\"Servicio Technico Profesional en Osona\",\"publisher\":{\"@id\":\"https:\/\/arkat.cat\/#organization\"},\"potentialAction\":[{\"@type\":\"SearchAction\",\"target\":{\"@type\":\"EntryPoint\",\"urlTemplate\":\"https:\/\/arkat.cat\/?s={search_term_string}\"},\"query-input\":\"required name=search_term_string\"}],\"inLanguage\":\"ca\"},{\"@type\":\"Organization\",\"@id\":\"https:\/\/arkat.cat\/#organization\",\"name\":\"ARKAT\",\"url\":\"https:\/\/arkat.cat\/\",\"logo\":{\"@type\":\"ImageObject\",\"inLanguage\":\"ca\",\"@id\":\"https:\/\/arkat.cat\/#\/schema\/logo\/image\/\",\"url\":\"https:\/\/arkat.cat\/wp-content\/uploads\/2021\/04\/logo-beta.png\",\"contentUrl\":\"https:\/\/arkat.cat\/wp-content\/uploads\/2021\/04\/logo-beta.png\",\"width\":800,\"height\":600,\"caption\":\"ARKAT\"},\"image\":{\"@id\":\"https:\/\/arkat.cat\/#\/schema\/logo\/image\/\"}}]}<\/script>","yoast_head_json":{"title":"Privacitat | ARKAT","robots":{"index":"noindex","follow":"nofollow"},"og_locale":"ca_ES","og_type":"article","og_title":"Privacitat | ARKAT","og_url":"https:\/\/arkat.cat\/ca\/privacitat\/","og_site_name":"ARKAT","article_modified_time":"2021-05-20T21:28:51+00:00","twitter_card":"summary_large_image","twitter_misc":{"Temps estimat de lectura":"5 minuts"},"schema":{"@context":"https:\/\/schema.org","@graph":[{"@type":"WebPage","@id":"https:\/\/arkat.cat\/ca\/privacitat\/","url":"https:\/\/arkat.cat\/ca\/privacitat\/","name":"Privacitat | ARKAT","isPartOf":{"@id":"https:\/\/arkat.cat\/#website"},"datePublished":"2021-05-11T11:18:24+00:00","dateModified":"2021-05-20T21:28:51+00:00","breadcrumb":{"@id":"https:\/\/arkat.cat\/ca\/privacitat\/#breadcrumb"},"inLanguage":"ca","potentialAction":[{"@type":"ReadAction","target":["https:\/\/arkat.cat\/ca\/privacitat\/"]}]},{"@type":"BreadcrumbList","@id":"https:\/\/arkat.cat\/ca\/privacitat\/#breadcrumb","itemListElement":[{"@type":"ListItem","position":1,"name":"Portada","item":"https:\/\/arkat.cat\/ca\/"},{"@type":"ListItem","position":2,"name":"Privacitat"}]},{"@type":"WebSite","@id":"https:\/\/arkat.cat\/#website","url":"https:\/\/arkat.cat\/","name":"ARKAT","description":"Servicio Technico Profesional en Osona","publisher":{"@id":"https:\/\/arkat.cat\/#organization"},"potentialAction":[{"@type":"SearchAction","target":{"@type":"EntryPoint","urlTemplate":"https:\/\/arkat.cat\/?s={search_term_string}"},"query-input":"required name=search_term_string"}],"inLanguage":"ca"},{"@type":"Organization","@id":"https:\/\/arkat.cat\/#organization","name":"ARKAT","url":"https:\/\/arkat.cat\/","logo":{"@type":"ImageObject","inLanguage":"ca","@id":"https:\/\/arkat.cat\/#\/schema\/logo\/image\/","url":"https:\/\/arkat.cat\/wp-content\/uploads\/2021\/04\/logo-beta.png","contentUrl":"https:\/\/arkat.cat\/wp-content\/uploads\/2021\/04\/logo-beta.png","width":800,"height":600,"caption":"ARKAT"},"image":{"@id":"https:\/\/arkat.cat\/#\/schema\/logo\/image\/"}}]}},"_links":{"self":[{"href":"https:\/\/arkat.cat\/ca\/wp-json\/wp\/v2\/pages\/522"}],"collection":[{"href":"https:\/\/arkat.cat\/ca\/wp-json\/wp\/v2\/pages"}],"about":[{"href":"https:\/\/arkat.cat\/ca\/wp-json\/wp\/v2\/types\/page"}],"author":[{"embeddable":true,"href":"https:\/\/arkat.cat\/ca\/wp-json\/wp\/v2\/users\/1"}],"replies":[{"embeddable":true,"href":"https:\/\/arkat.cat\/ca\/wp-json\/wp\/v2\/comments?post=522"}],"version-history":[{"count":9,"href":"https:\/\/arkat.cat\/ca\/wp-json\/wp\/v2\/pages\/522\/revisions"}],"predecessor-version":[{"id":887,"href":"https:\/\/arkat.cat\/ca\/wp-json\/wp\/v2\/pages\/522\/revisions\/887"}],"wp:attachment":[{"href":"https:\/\/arkat.cat\/ca\/wp-json\/wp\/v2\/media?parent=522"}],"curies":[{"name":"wp","href":"https:\/\/api.w.org\/{rel}","templated":true}]}}